{"id":1296,"date":"2021-11-09T13:47:07","date_gmt":"2021-11-09T11:47:07","guid":{"rendered":"https:\/\/tradex.ee\/?page_id=1296"},"modified":"2021-11-09T19:52:18","modified_gmt":"2021-11-09T17:52:18","slug":"contact","status":"publish","type":"page","link":"https:\/\/tradex.ee\/en\/contact\/","title":{"rendered":"Contact"},"content":{"rendered":"\t\t<div data-elementor-type=\"wp-page\" data-elementor-id=\"1296\" class=\"elementor elementor-1296\">\n\t\t\t\t\t\t\t\t\t<section class=\"elementor-section elementor-top-section elementor-element elementor-element-19d0698 elementor-section-boxed elementor-section-height-default elementor-section-height-default\" data-id=\"19d0698\" data-element_type=\"section\" data-settings=\"{&quot;background_background&quot;:&quot;classic&quot;}\">\n\t\t\t\t\t\t\t<div class=\"elementor-background-overlay\"><\/div>\n\t\t\t\t\t\t\t<div class=\"elementor-container elementor-column-gap-no\">\n\t\t\t\t\t<div class=\"elementor-column elementor-col-100 elementor-top-column elementor-element elementor-element-f13db0c\" data-id=\"f13db0c\" data-element_type=\"column\">\n\t\t\t<div class=\"elementor-widget-wrap elementor-element-populated\">\n\t\t\t\t\t\t\t\t<div class=\"elementor-element elementor-element-5162bb7 elementor-widget elementor-widget-heading\" data-id=\"5162bb7\" data-element_type=\"widget\" data-widget_type=\"heading.default\">\n\t\t\t\t<div class=\"elementor-widget-container\">\n\t\t\t<h2 class=\"elementor-heading-title elementor-size-default\">Contacts<\/h2>\t\t<\/div>\n\t\t\t\t<\/div>\n\t\t\t\t<div class=\"elementor-element elementor-element-52c001e elementor-align-center elementor-widget elementor-widget-raven-breadcrumbs\" data-id=\"52c001e\" data-element_type=\"widget\" data-widget_type=\"raven-breadcrumbs.default\">\n\t\t\t\t<div class=\"elementor-widget-container\">\n\t\t\t<div class=\"raven-breadcrumbs raven-breadcrumbs-default\"><div class=\"breadcrumb\">\t\t\t\t<div class=\"breadcrumb-item active\" aria-current=\"page\"><span>Home<\/span><\/div>\n\n\t\t\t\t<\/div><\/div>\t\t<\/div>\n\t\t\t\t<\/div>\n\t\t\t\t\t<\/div>\n\t\t<\/div>\n\t\t\t\t\t\t\t<\/div>\n\t\t<\/section>\n\t\t\t\t<section class=\"elementor-section elementor-top-section elementor-element elementor-element-af5f505 elementor-section-boxed elementor-section-height-default elementor-section-height-default\" data-id=\"af5f505\" data-element_type=\"section\">\n\t\t\t\t\t\t<div class=\"elementor-container elementor-column-gap-no\">\n\t\t\t\t\t<div class=\"elementor-column elementor-col-50 elementor-top-column elementor-element elementor-element-2957dc5\" data-id=\"2957dc5\" data-element_type=\"column\">\n\t\t\t<div class=\"elementor-widget-wrap elementor-element-populated\">\n\t\t\t\t\t\t\t\t<div class=\"elementor-element elementor-element-66d0423 raven-form-button-align-center elementor-widget elementor-widget-raven-form\" data-id=\"66d0423\" data-element_type=\"widget\" data-settings=\"{&quot;fields&quot;:[{&quot;label&quot;:&quot;Name&quot;,&quot;placeholder&quot;:&quot;Your name\\\/company name&quot;,&quot;_id&quot;:&quot;f3e755b&quot;,&quot;acceptance_text&quot;:null,&quot;rows&quot;:null,&quot;required&quot;:&quot;true&quot;,&quot;width&quot;:&quot;50&quot;,&quot;type&quot;:&quot;text&quot;,&quot;recaptcha_badge&quot;:null,&quot;recaptcha_theme&quot;:null,&quot;recaptcha_size&quot;:null,&quot;checked_by_default&quot;:null,&quot;min_time&quot;:null,&quot;max_time&quot;:null,&quot;min_date&quot;:null,&quot;max_date&quot;:null,&quot;localization&quot;:null,&quot;min&quot;:null,&quot;max&quot;:null,&quot;field_options&quot;:null,&quot;inline_list&quot;:null,&quot;native_html5&quot;:null,&quot;multiple_selection&quot;:null,&quot;iti_tel&quot;:null,&quot;iti_tel_tel_type&quot;:null,&quot;iti_tel_require_area&quot;:null,&quot;iti_tel_allow_dropdown&quot;:null,&quot;iti_tel_country_include&quot;:null,&quot;iti_tel_ip_detect&quot;:null,&quot;iti_tel_internationalize&quot;:null,&quot;file_sizes&quot;:null,&quot;file_types&quot;:null,&quot;allow_multiple_upload&quot;:null,&quot;max_files&quot;:null,&quot;step_previous_button&quot;:null,&quot;step_next_button&quot;:null,&quot;step_icon&quot;:null,&quot;field_value&quot;:&quot;&quot;,&quot;field_custom_id&quot;:&quot;&quot;},{&quot;label&quot;:&quot;E-mail&quot;,&quot;type&quot;:&quot;email&quot;,&quot;placeholder&quot;:&quot;E-mail&quot;,&quot;_id&quot;:&quot;1702c38&quot;,&quot;acceptance_text&quot;:null,&quot;rows&quot;:null,&quot;required&quot;:&quot;true&quot;,&quot;width&quot;:&quot;50&quot;,&quot;recaptcha_badge&quot;:null,&quot;recaptcha_theme&quot;:null,&quot;recaptcha_size&quot;:null,&quot;checked_by_default&quot;:null,&quot;min_time&quot;:null,&quot;max_time&quot;:null,&quot;min_date&quot;:null,&quot;max_date&quot;:null,&quot;localization&quot;:null,&quot;min&quot;:null,&quot;max&quot;:null,&quot;field_options&quot;:null,&quot;inline_list&quot;:null,&quot;native_html5&quot;:null,&quot;multiple_selection&quot;:null,&quot;iti_tel&quot;:null,&quot;iti_tel_tel_type&quot;:null,&quot;iti_tel_require_area&quot;:null,&quot;iti_tel_allow_dropdown&quot;:null,&quot;iti_tel_country_include&quot;:null,&quot;iti_tel_ip_detect&quot;:null,&quot;iti_tel_internationalize&quot;:null,&quot;file_sizes&quot;:null,&quot;file_types&quot;:null,&quot;allow_multiple_upload&quot;:null,&quot;max_files&quot;:null,&quot;step_previous_button&quot;:null,&quot;step_next_button&quot;:null,&quot;step_icon&quot;:null,&quot;field_value&quot;:&quot;&quot;,&quot;field_custom_id&quot;:&quot;&quot;},{&quot;label&quot;:&quot;Subject&quot;,&quot;placeholder&quot;:&quot;Subject&quot;,&quot;acceptance_text&quot;:null,&quot;rows&quot;:null,&quot;_id&quot;:&quot;cb48ab6&quot;,&quot;type&quot;:&quot;text&quot;,&quot;recaptcha_badge&quot;:null,&quot;recaptcha_theme&quot;:null,&quot;recaptcha_size&quot;:null,&quot;checked_by_default&quot;:null,&quot;min_time&quot;:null,&quot;max_time&quot;:null,&quot;min_date&quot;:null,&quot;max_date&quot;:null,&quot;localization&quot;:null,&quot;min&quot;:null,&quot;max&quot;:null,&quot;field_options&quot;:null,&quot;inline_list&quot;:null,&quot;native_html5&quot;:null,&quot;multiple_selection&quot;:null,&quot;required&quot;:&quot;&quot;,&quot;iti_tel&quot;:null,&quot;iti_tel_tel_type&quot;:null,&quot;iti_tel_require_area&quot;:null,&quot;iti_tel_allow_dropdown&quot;:null,&quot;iti_tel_country_include&quot;:null,&quot;iti_tel_ip_detect&quot;:null,&quot;iti_tel_internationalize&quot;:null,&quot;file_sizes&quot;:null,&quot;file_types&quot;:null,&quot;allow_multiple_upload&quot;:null,&quot;max_files&quot;:null,&quot;step_previous_button&quot;:null,&quot;step_next_button&quot;:null,&quot;step_icon&quot;:null,&quot;width&quot;:&quot;100&quot;,&quot;field_value&quot;:&quot;&quot;,&quot;field_custom_id&quot;:&quot;&quot;},{&quot;label&quot;:&quot;Your message\\\/request&quot;,&quot;type&quot;:&quot;textarea&quot;,&quot;placeholder&quot;:&quot;Your message\\\/request&quot;,&quot;required&quot;:&quot;true&quot;,&quot;_id&quot;:&quot;26250f8&quot;,&quot;acceptance_text&quot;:null,&quot;field_options&quot;:null,&quot;rows&quot;:&quot;5&quot;,&quot;recaptcha_badge&quot;:null,&quot;recaptcha_theme&quot;:null,&quot;recaptcha_size&quot;:null,&quot;checked_by_default&quot;:null,&quot;min_time&quot;:null,&quot;max_time&quot;:null,&quot;min_date&quot;:null,&quot;max_date&quot;:null,&quot;localization&quot;:null,&quot;min&quot;:null,&quot;max&quot;:null,&quot;inline_list&quot;:null,&quot;native_html5&quot;:null,&quot;multiple_selection&quot;:null,&quot;iti_tel&quot;:null,&quot;iti_tel_tel_type&quot;:null,&quot;iti_tel_require_area&quot;:null,&quot;iti_tel_allow_dropdown&quot;:null,&quot;iti_tel_country_include&quot;:null,&quot;iti_tel_ip_detect&quot;:null,&quot;iti_tel_internationalize&quot;:null,&quot;file_sizes&quot;:null,&quot;file_types&quot;:null,&quot;allow_multiple_upload&quot;:null,&quot;max_files&quot;:null,&quot;step_previous_button&quot;:null,&quot;step_next_button&quot;:null,&quot;step_icon&quot;:null,&quot;width&quot;:&quot;100&quot;,&quot;field_value&quot;:&quot;&quot;,&quot;field_custom_id&quot;:&quot;&quot;}],&quot;steps_type&quot;:&quot;number&quot;,&quot;steps_icon_shape&quot;:&quot;circle&quot;}\" data-widget_type=\"raven-form.default\">\n\t\t\t\t<div class=\"elementor-widget-container\">\n\t\t\t\t\t<form class=\"raven-form raven-flex raven-flex-wrap raven-flex-bottom raven-hide-required-mark\" method=\"post\" name=\"New form\">\n\t\t\t<input type=\"hidden\" name=\"post_id\" value=\"1296\" \/>\n\t\t\t<input type=\"hidden\" name=\"form_id\" value=\"66d0423\" \/>\n\t\t\t\t\t<div id=\"raven-field-group-f3e755b\" class=\"raven-flex-wrap raven-field-type-text raven-field-group elementor-column elementor-col-50 raven-field-required\">\n\t\t\t\t\t<input\n\t\t\toninput=\"onInvalidRavenFormField(event)\"\n\t\t\toninvalid=\"onInvalidRavenFormField(event)\"\n\t\t\ttype=\"text\" name=\"fields[f3e755b]\" id=\"form-field-f3e755b\" class=\"raven-field\" placeholder=\"Your name\/company name\" data-type=\"text\" required=\"required\">\n\t\t\t\t<\/div>\n\t\t\t\t<div id=\"raven-field-group-1702c38\" class=\"raven-flex-wrap raven-field-type-email raven-field-group elementor-column elementor-col-50 raven-field-required\">\n\t\t\t\t\t<input\n\t\t\toninput=\"onInvalidRavenFormField(event)\"\n\t\t\toninvalid=\"onInvalidRavenFormField(event)\"\n\t\t\ttype=\"email\" name=\"fields[1702c38]\" id=\"form-field-1702c38\" class=\"raven-field\" placeholder=\"E-mail\" data-type=\"email\" required=\"required\">\n\t\t\t\t<\/div>\n\t\t\t\t<div id=\"raven-field-group-cb48ab6\" class=\"raven-flex-wrap raven-field-type-text raven-field-group elementor-column elementor-col-100\">\n\t\t\t\t\t<input\n\t\t\toninput=\"onInvalidRavenFormField(event)\"\n\t\t\toninvalid=\"onInvalidRavenFormField(event)\"\n\t\t\ttype=\"text\" name=\"fields[cb48ab6]\" id=\"form-field-cb48ab6\" class=\"raven-field\" placeholder=\"Subject\" data-type=\"text\">\n\t\t\t\t<\/div>\n\t\t\t\t<div id=\"raven-field-group-26250f8\" class=\"raven-flex-wrap raven-field-type-textarea raven-field-group elementor-column elementor-col-100 raven-field-required\">\n\t\t\t\t\t<textarea\n\t\t\toninput=\"onInvalidRavenFormField(event)\"\n\t\t\toninvalid=\"onInvalidRavenFormField(event)\"\n\t\t\ttype=\"textarea\" name=\"fields[26250f8]\" id=\"form-field-26250f8\" class=\"raven-field\" placeholder=\"Your message\/request\" data-type=\"textarea\" required=\"required\"\t\t\trows=\"5\"><\/textarea>\n\t\t\t\t<\/div>\n\t\t\t\t\t\t\t<div class=\"raven-field-group raven-field-type-submit-button elementor-column elementor-col-100\">\n\t\t\t\t\t\t\t\t\t<button class=\"raven-submit-button\" type=\"submit\">\n\t\t\t\t\t\t<span>Send<\/span>\n\t\t<\/button>\n\t\t\t\t\t\t\t<\/div>\n\t\t\t\t<\/form>\n\n\t\t\t\t\t\t<\/div>\n\t\t\t\t<\/div>\n\t\t\t\t\t<\/div>\n\t\t<\/div>\n\t\t\t\t<div class=\"elementor-column elementor-col-50 elementor-top-column elementor-element elementor-element-1dc1273\" data-id=\"1dc1273\" data-element_type=\"column\">\n\t\t\t<div class=\"elementor-widget-wrap elementor-element-populated\">\n\t\t\t\t\t\t\t\t<div class=\"elementor-element elementor-element-2d63ed0 elementor-vertical-align-top elementor-widget elementor-widget-image-box\" data-id=\"2d63ed0\" data-element_type=\"widget\" data-widget_type=\"image-box.default\">\n\t\t\t\t<div class=\"elementor-widget-container\">\n\t\t\t<div class=\"elementor-image-box-wrapper\"><div class=\"elementor-image-box-content\"><p class=\"elementor-image-box-description\"><h4><a href=\"mailto:tradex@tradex.ee\" style=\"color: #ef3729\">tradex@tradex.ee<\/a><br>\n<a href=\"tel:+372 472 0470\" style=\"color: #ef3729\">+372 472 0470<\/a><h4><\/p><\/div><\/div>\t\t<\/div>\n\t\t\t\t<\/div>\n\t\t\t\t<div class=\"elementor-element elementor-element-6ad1830 elementor-widget elementor-widget-heading\" data-id=\"6ad1830\" data-element_type=\"widget\" data-widget_type=\"heading.default\">\n\t\t\t\t<div class=\"elementor-widget-container\">\n\t\t\t<h3 class=\"elementor-heading-title elementor-size-default\">Tradex AS<\/h3>\t\t<\/div>\n\t\t\t\t<\/div>\n\t\t\t\t<div class=\"elementor-element elementor-element-1eb5c51 elementor-widget elementor-widget-text-editor\" data-id=\"1eb5c51\" data-element_type=\"widget\" data-widget_type=\"text-editor.default\">\n\t\t\t\t<div class=\"elementor-widget-container\">\n\t\t\t\t\t\t\t<p>L\u00e4htru tee 25E<br \/>Palivere L\u00e4\u00e4ne-Nigula vald<br \/>90802 L\u00e4\u00e4ne maakond<\/p>\t\t\t\t\t\t<\/div>\n\t\t\t\t<\/div>\n\t\t\t\t\t<\/div>\n\t\t<\/div>\n\t\t\t\t\t\t\t<\/div>\n\t\t<\/section>\n\t\t\t\t<section class=\"elementor-section elementor-top-section elementor-element elementor-element-e04178f elementor-section-full_width elementor-section-height-default elementor-section-height-default\" data-id=\"e04178f\" data-element_type=\"section\">\n\t\t\t\t\t\t<div class=\"elementor-container elementor-column-gap-no\">\n\t\t\t\t\t<div class=\"elementor-column elementor-col-100 elementor-top-column elementor-element elementor-element-17903a3\" data-id=\"17903a3\" data-element_type=\"column\">\n\t\t\t<div class=\"elementor-widget-wrap elementor-element-populated\">\n\t\t\t\t\t\t\t\t<div class=\"elementor-element elementor-element-9c4936c elementor-widget elementor-widget-google_maps\" data-id=\"9c4936c\" data-element_type=\"widget\" data-widget_type=\"google_maps.default\">\n\t\t\t\t<div class=\"elementor-widget-container\">\n\t\t\t\t\t<div class=\"elementor-custom-embed\">\n\t\t\t<iframe loading=\"lazy\"\n\t\t\t\t\tsrc=\"https:\/\/maps.google.com\/maps?q=L%C3%A4htru%20tee%2025%2C%20Palivere%2C%20Eesti&#038;t=m&#038;z=12&#038;output=embed&#038;iwloc=near\"\n\t\t\t\t\ttitle=\"L\u00e4htru tee 25, Palivere, Eesti\"\n\t\t\t\t\taria-label=\"L\u00e4htru tee 25, Palivere, Eesti\"\n\t\t\t><\/iframe>\n\t\t<\/div>\n\t\t\t\t<\/div>\n\t\t\t\t<\/div>\n\t\t\t\t\t<\/div>\n\t\t<\/div>\n\t\t\t\t\t\t\t<\/div>\n\t\t<\/section>\n\t\t\t\t\t\t\t<\/div>\n\t\t","protected":false},"excerpt":{"rendered":"<p>Contacts Home Send tradex@tradex.ee +372 472 0470 Tradex AS L\u00e4htru tee 25EPalivere L\u00e4\u00e4ne-Nigula vald90802 L\u00e4\u00e4ne maakond<\/p>\n","protected":false},"author":1,"featured_media":0,"parent":0,"menu_order":0,"comment_status":"closed","ping_status":"closed","template":"full-width.php","meta":{"footnotes":""},"class_list":["post-1296","page","type-page","status-publish","hentry"],"acf":[],"_links":{"self":[{"href":"https:\/\/tradex.ee\/en\/wp-json\/wp\/v2\/pages\/1296","targetHints":{"allow":["GET"]}}],"collection":[{"href":"https:\/\/tradex.ee\/en\/wp-json\/wp\/v2\/pages"}],"about":[{"href":"https:\/\/tradex.ee\/en\/wp-json\/wp\/v2\/types\/page"}],"author":[{"embeddable":true,"href":"https:\/\/tradex.ee\/en\/wp-json\/wp\/v2\/users\/1"}],"replies":[{"embeddable":true,"href":"https:\/\/tradex.ee\/en\/wp-json\/wp\/v2\/comments?post=1296"}],"version-history":[{"count":5,"href":"https:\/\/tradex.ee\/en\/wp-json\/wp\/v2\/pages\/1296\/revisions"}],"predecessor-version":[{"id":1484,"href":"https:\/\/tradex.ee\/en\/wp-json\/wp\/v2\/pages\/1296\/revisions\/1484"}],"wp:attachment":[{"href":"https:\/\/tradex.ee\/en\/wp-json\/wp\/v2\/media?parent=1296"}],"curies":[{"name":"wp","href":"https:\/\/api.w.org\/{rel}","templated":true}]}}